{"id":93945,"date":"2023-07-23T12:52:03","date_gmt":"2023-07-23T12:52:03","guid":{"rendered":"https:\/\/the7.io\/elementor-main\/?page_id=93945"},"modified":"2024-07-22T13:57:37","modified_gmt":"2024-07-22T11:57:37","slug":"portfolio-5","status":"publish","type":"page","link":"https:\/\/vitasystems.pl\/?page_id=93945","title":{"rendered":"Produkty"},"content":{"rendered":"\t\t<div data-elementor-type=\"wp-page\" data-elementor-id=\"93945\" class=\"elementor elementor-93945\" data-elementor-post-type=\"page\">\n\t\t\t\t<div class=\"elementor-element elementor-element-43d0b98 e-flex e-con-boxed e-con e-parent\" data-id=\"43d0b98\" data-element_type=\"container\">\n\t\t\t\t\t<div class=\"e-con-inner\">\n\t\t\t\t\t<\/div>\n\t\t\t\t<\/div>\n\t\t<div class=\"elementor-element elementor-element-f611ee5 e-flex e-con-boxed e-con e-parent\" data-id=\"f611ee5\" data-element_type=\"container\">\n\t\t\t\t\t<div class=\"e-con-inner\">\n\t\t\t\t<div class=\"elementor-element elementor-element-a83bc61 elementor-widget-divider--view-line elementor-widget elementor-widget-divider\" data-id=\"a83bc61\" data-element_type=\"widget\" data-widget_type=\"divider.default\">\n\t\t\t\t<div class=\"elementor-widget-container\">\n\t\t\t\t\t<div class=\"elementor-divider\">\n\t\t\t<span class=\"elementor-divider-separator\">\n\t\t\t\t\t\t<\/span>\n\t\t<\/div>\n\t\t\t\t<\/div>\n\t\t\t\t<\/div>\n\t\t\t\t\t<\/div>\n\t\t\t\t<\/div>\n\t\t<div class=\"elementor-element elementor-element-0258685 e-flex e-con-boxed e-con e-parent\" data-id=\"0258685\" data-element_type=\"container\">\n\t\t\t\t\t<div class=\"e-con-inner\">\n\t\t<div class=\"elementor-element elementor-element-4b0790b e-con-full e-flex e-con e-child\" data-id=\"4b0790b\" data-element_type=\"container\" data-settings=\"{&quot;background_background&quot;:&quot;classic&quot;}\">\n\t\t\t\t<div class=\"elementor-element elementor-element-75e3fbe elementor-cta--skin-cover elementor-cta--valign-middle elementor-animated-content elementor-bg-transform elementor-bg-transform-zoom-in elementor-widget elementor-widget-call-to-action\" data-id=\"75e3fbe\" data-element_type=\"widget\" data-widget_type=\"call-to-action.default\">\n\t\t\t\t<div class=\"elementor-widget-container\">\n\t\t\t\t\t<div class=\"elementor-cta\">\n\t\t\t\t\t<div class=\"elementor-cta__bg-wrapper\">\n\t\t\t\t<div class=\"elementor-cta__bg elementor-bg\" style=\"background-image: url(https:\/\/vitasystems.pl\/wp-content\/uploads\/2024\/05\/Biobank_pro-1024x683.webp);\" role=\"img\" aria-label=\"Biobank_pro\"><\/div>\n\t\t\t\t<div class=\"elementor-cta__bg-overlay\"><\/div>\n\t\t\t<\/div>\n\t\t\t\t\t\t\t<div class=\"elementor-cta__content\">\n\t\t\t\t\n\t\t\t\t\t\t\t\t\t<h2 class=\"elementor-cta__title elementor-cta__content-item elementor-content-item elementor-animated-item--grow\">\n\t\t\t\t\t\tBiobanki\t\t\t\t\t<\/h2>\n\t\t\t\t\n\t\t\t\t\n\t\t\t\t\t\t\t\t\t<div class=\"elementor-cta__button-wrapper elementor-cta__content-item elementor-content-item elementor-animated-item--grow\">\n\t\t\t\t\t<a class=\"elementor-cta__button elementor-button elementor-size-\" href=\"http:\/\/vitasystems.pl\/?page_id=94268\">\n\t\t\t\t\t\tDowiedz si\u0119 wi\u0119cej\t\t\t\t\t<\/a>\n\t\t\t\t\t<\/div>\n\t\t\t\t\t\t\t<\/div>\n\t\t\t\t\t\t<\/div>\n\t\t\t\t<\/div>\n\t\t\t\t<\/div>\n\t\t\t\t<\/div>\n\t\t<div class=\"elementor-element elementor-element-11a65ad e-con-full e-flex e-con e-child\" data-id=\"11a65ad\" data-element_type=\"container\">\n\t\t\t\t<div class=\"elementor-element elementor-element-2d530ac elementor-cta--skin-cover elementor-cta--valign-middle elementor-animated-content elementor-bg-transform elementor-bg-transform-zoom-in elementor-widget elementor-widget-call-to-action\" data-id=\"2d530ac\" data-element_type=\"widget\" data-widget_type=\"call-to-action.default\">\n\t\t\t\t<div class=\"elementor-widget-container\">\n\t\t\t\t\t<a class=\"elementor-cta\" href=\"https:\/\/vitasystems.pl\/?page_id=6274\">\n\t\t\t\t\t<div class=\"elementor-cta__bg-wrapper\">\n\t\t\t\t<div class=\"elementor-cta__bg elementor-bg\" style=\"background-image: url(https:\/\/vitasystems.pl\/wp-content\/uploads\/2024\/05\/Bloodbank_pro-1024x683.webp);\" role=\"img\" aria-label=\"Sprz\u0119t medyczny worek z krwi\u0105 trzymany w r\u0119ce\"><\/div>\n\t\t\t\t<div class=\"elementor-cta__bg-overlay\"><\/div>\n\t\t\t<\/div>\n\t\t\t\t\t\t\t<div class=\"elementor-cta__content\">\n\t\t\t\t\n\t\t\t\t\t\t\t\t\t<h2 class=\"elementor-cta__title elementor-cta__content-item elementor-content-item elementor-animated-item--grow\">\n\t\t\t\t\t\tKrwiodawstwo\t\t\t\t\t<\/h2>\n\t\t\t\t\n\t\t\t\t\n\t\t\t\t\t\t\t\t\t<div class=\"elementor-cta__button-wrapper elementor-cta__content-item elementor-content-item elementor-animated-item--grow\">\n\t\t\t\t\t<span class=\"elementor-cta__button elementor-button elementor-size-\">\n\t\t\t\t\t\tDowiedz si\u0119 wi\u0119cej\t\t\t\t\t<\/span>\n\t\t\t\t\t<\/div>\n\t\t\t\t\t\t\t<\/div>\n\t\t\t\t\t\t<\/a>\n\t\t\t\t<\/div>\n\t\t\t\t<\/div>\n\t\t\t\t<\/div>\n\t\t\t\t\t<\/div>\n\t\t\t\t<\/div>\n\t\t\t\t<\/div>\n\t\t","protected":false},"excerpt":{"rendered":"<p>Biobanki Dowiedz si\u0119 wi\u0119cej Krwiodawstwo Dowiedz si\u0119 wi\u0119cej<\/p>\n","protected":false},"author":1,"featured_media":0,"parent":0,"menu_order":222,"comment_status":"closed","ping_status":"closed","template":"elementor_header_footer","meta":{"footnotes":""},"class_list":["post-93945","page","type-page","status-publish","hentry"],"yoast_head":"<!-- This site is optimized with the Yoast SEO plugin v22.5 - https:\/\/yoast.com\/wordpress\/plugins\/seo\/ -->\n<title>Produkty - Vitasystems<\/title>\n<meta name=\"robots\" content=\"index, follow, max-snippet:-1, max-image-preview:large, max-video-preview:-1\" \/>\n<link rel=\"canonical\" href=\"http:\/\/vitasystems.pl\/?page_id=93945\" \/>\n<meta property=\"og:locale\" content=\"pl_PL\" \/>\n<meta property=\"og:type\" content=\"article\" \/>\n<meta property=\"og:title\" content=\"Produkty - Vitasystems\" \/>\n<meta property=\"og:description\" content=\"Biobanki Dowiedz si\u0119 wi\u0119cej Krwiodawstwo Dowiedz si\u0119 wi\u0119cej\" \/>\n<meta property=\"og:url\" content=\"http:\/\/vitasystems.pl\/?page_id=93945\" \/>\n<meta property=\"og:site_name\" content=\"Vitasystems\" \/>\n<meta property=\"article:modified_time\" content=\"2024-07-22T11:57:37+00:00\" \/>\n<meta name=\"twitter:card\" content=\"summary_large_image\" \/>\n<meta name=\"twitter:label1\" content=\"Szacowany czas czytania\" \/>\n\t<meta name=\"twitter:data1\" content=\"1 minuta\" \/>\n<script type=\"application\/ld+json\" class=\"yoast-schema-graph\">{\"@context\":\"https:\/\/schema.org\",\"@graph\":[{\"@type\":\"WebPage\",\"@id\":\"http:\/\/vitasystems.pl\/?page_id=93945\",\"url\":\"http:\/\/vitasystems.pl\/?page_id=93945\",\"name\":\"Produkty - Vitasystems\",\"isPartOf\":{\"@id\":\"https:\/\/vitasystems.pl\/#website\"},\"datePublished\":\"2023-07-23T12:52:03+00:00\",\"dateModified\":\"2024-07-22T11:57:37+00:00\",\"breadcrumb\":{\"@id\":\"http:\/\/vitasystems.pl\/?page_id=93945#breadcrumb\"},\"inLanguage\":\"pl-PL\",\"potentialAction\":[{\"@type\":\"ReadAction\",\"target\":[\"http:\/\/vitasystems.pl\/?page_id=93945\"]}]},{\"@type\":\"BreadcrumbList\",\"@id\":\"http:\/\/vitasystems.pl\/?page_id=93945#breadcrumb\",\"itemListElement\":[{\"@type\":\"ListItem\",\"position\":1,\"name\":\"Home\",\"item\":\"https:\/\/vitasystems.pl\/\"},{\"@type\":\"ListItem\",\"position\":2,\"name\":\"Produkty\"}]},{\"@type\":\"WebSite\",\"@id\":\"https:\/\/vitasystems.pl\/#website\",\"url\":\"https:\/\/vitasystems.pl\/\",\"name\":\"Vitasystems\",\"description\":\"\",\"publisher\":{\"@id\":\"https:\/\/vitasystems.pl\/#organization\"},\"potentialAction\":[{\"@type\":\"SearchAction\",\"target\":{\"@type\":\"EntryPoint\",\"urlTemplate\":\"https:\/\/vitasystems.pl\/?s={search_term_string}\"},\"query-input\":\"required name=search_term_string\"}],\"inLanguage\":\"pl-PL\"},{\"@type\":\"Organization\",\"@id\":\"https:\/\/vitasystems.pl\/#organization\",\"name\":\"Vitasystems\",\"url\":\"https:\/\/vitasystems.pl\/\",\"logo\":{\"@type\":\"ImageObject\",\"inLanguage\":\"pl-PL\",\"@id\":\"https:\/\/vitasystems.pl\/#\/schema\/logo\/image\/\",\"url\":\"https:\/\/vitasystems.pl\/wp-content\/uploads\/2024\/04\/Naglowek-1.png\",\"contentUrl\":\"https:\/\/vitasystems.pl\/wp-content\/uploads\/2024\/04\/Naglowek-1.png\",\"width\":2500,\"height\":600,\"caption\":\"Vitasystems\"},\"image\":{\"@id\":\"https:\/\/vitasystems.pl\/#\/schema\/logo\/image\/\"}}]}<\/script>\n<!-- \/ Yoast SEO plugin. -->","yoast_head_json":{"title":"Produkty - Vitasystems","robots":{"index":"index","follow":"follow","max-snippet":"max-snippet:-1","max-image-preview":"max-image-preview:large","max-video-preview":"max-video-preview:-1"},"canonical":"http:\/\/vitasystems.pl\/?page_id=93945","og_locale":"pl_PL","og_type":"article","og_title":"Produkty - Vitasystems","og_description":"Biobanki Dowiedz si\u0119 wi\u0119cej Krwiodawstwo Dowiedz si\u0119 wi\u0119cej","og_url":"http:\/\/vitasystems.pl\/?page_id=93945","og_site_name":"Vitasystems","article_modified_time":"2024-07-22T11:57:37+00:00","twitter_card":"summary_large_image","twitter_misc":{"Szacowany czas czytania":"1 minuta"},"schema":{"@context":"https:\/\/schema.org","@graph":[{"@type":"WebPage","@id":"http:\/\/vitasystems.pl\/?page_id=93945","url":"http:\/\/vitasystems.pl\/?page_id=93945","name":"Produkty - Vitasystems","isPartOf":{"@id":"https:\/\/vitasystems.pl\/#website"},"datePublished":"2023-07-23T12:52:03+00:00","dateModified":"2024-07-22T11:57:37+00:00","breadcrumb":{"@id":"http:\/\/vitasystems.pl\/?page_id=93945#breadcrumb"},"inLanguage":"pl-PL","potentialAction":[{"@type":"ReadAction","target":["http:\/\/vitasystems.pl\/?page_id=93945"]}]},{"@type":"BreadcrumbList","@id":"http:\/\/vitasystems.pl\/?page_id=93945#breadcrumb","itemListElement":[{"@type":"ListItem","position":1,"name":"Home","item":"https:\/\/vitasystems.pl\/"},{"@type":"ListItem","position":2,"name":"Produkty"}]},{"@type":"WebSite","@id":"https:\/\/vitasystems.pl\/#website","url":"https:\/\/vitasystems.pl\/","name":"Vitasystems","description":"","publisher":{"@id":"https:\/\/vitasystems.pl\/#organization"},"potentialAction":[{"@type":"SearchAction","target":{"@type":"EntryPoint","urlTemplate":"https:\/\/vitasystems.pl\/?s={search_term_string}"},"query-input":"required name=search_term_string"}],"inLanguage":"pl-PL"},{"@type":"Organization","@id":"https:\/\/vitasystems.pl\/#organization","name":"Vitasystems","url":"https:\/\/vitasystems.pl\/","logo":{"@type":"ImageObject","inLanguage":"pl-PL","@id":"https:\/\/vitasystems.pl\/#\/schema\/logo\/image\/","url":"https:\/\/vitasystems.pl\/wp-content\/uploads\/2024\/04\/Naglowek-1.png","contentUrl":"https:\/\/vitasystems.pl\/wp-content\/uploads\/2024\/04\/Naglowek-1.png","width":2500,"height":600,"caption":"Vitasystems"},"image":{"@id":"https:\/\/vitasystems.pl\/#\/schema\/logo\/image\/"}}]}},"_links":{"self":[{"href":"https:\/\/vitasystems.pl\/index.php?rest_route=\/wp\/v2\/pages\/93945","targetHints":{"allow":["GET"]}}],"collection":[{"href":"https:\/\/vitasystems.pl\/index.php?rest_route=\/wp\/v2\/pages"}],"about":[{"href":"https:\/\/vitasystems.pl\/index.php?rest_route=\/wp\/v2\/types\/page"}],"author":[{"embeddable":true,"href":"https:\/\/vitasystems.pl\/index.php?rest_route=\/wp\/v2\/users\/1"}],"replies":[{"embeddable":true,"href":"https:\/\/vitasystems.pl\/index.php?rest_route=%2Fwp%2Fv2%2Fcomments&post=93945"}],"version-history":[{"count":53,"href":"https:\/\/vitasystems.pl\/index.php?rest_route=\/wp\/v2\/pages\/93945\/revisions"}],"predecessor-version":[{"id":94659,"href":"https:\/\/vitasystems.pl\/index.php?rest_route=\/wp\/v2\/pages\/93945\/revisions\/94659"}],"wp:attachment":[{"href":"https:\/\/vitasystems.pl\/index.php?rest_route=%2Fwp%2Fv2%2Fmedia&parent=93945"}],"curies":[{"name":"wp","href":"https:\/\/api.w.org\/{rel}","templated":true}]}}